{"id":1602,"date":"2015-10-15T14:12:57","date_gmt":"2015-10-15T14:12:57","guid":{"rendered":"https:\/\/www.hotel-villa-italia.de\/roomsprices\/hunde-hausordnung\/"},"modified":"2026-03-06T15:30:00","modified_gmt":"2026-03-06T15:30:00","slug":"hunde-hausordnung","status":"publish","type":"page","link":"https:\/\/www.hotel-villa-italia.de\/en\/roomsprices\/hunde-hausordnung\/","title":{"rendered":"Hunde-Hausordnung"},"content":{"rendered":"<p><img loading=\"lazy\" class=\"alignright size-medium wp-image-483\" src=\"https:\/\/www.hotel-villa-italia.de\/wp-content\/uploads\/2015\/10\/Hund1-300x146.jpg\" alt=\"Hund1\" width=\"300\" height=\"146\" srcset=\"https:\/\/www.hotel-villa-italia.de\/wp-content\/uploads\/2015\/10\/Hund1-300x146.jpg 300w, https:\/\/www.hotel-villa-italia.de\/wp-content\/uploads\/2015\/10\/Hund1.jpg 600w\" sizes=\"(max-width: 300px) 100vw, 300px\" \/>Liebe G\u00e4ste,<\/p>\n<p>Hunde sind bei uns herzlich willkommen, aber \u2026<\/p>\n<p>Jeder Hund sollte stubenrein sein.<\/p>\n<p>Hunde lieben ihre eigene Decke und ihre eigene Esssch\u00fcssel, damit das fremde Zimmer nicht ganz so fremd ist. Sollte irgendetwas versehentlich zuhause geblieben sein, bitte an der Rezeption nachfragen ob es einen Ersatz gibt.<\/p>\n<p>Der Fr\u00fchst\u00fccksraum ist \u00fcblicherweise nur f\u00fcr Zweibeiner. Der wohlerzogene Vierbeiner bleibt w\u00e4hrend der Zeit im Zimmer oder eventuell im Auto, wenn es von der Witterung her geht. Ausnahmsweise kann nach R\u00fccksprache und mit Einverst\u00e4ndnis der anderen G\u00e4ste davon abgewichen werden.<\/p>\n<p>Sofa, Bett und St\u00fchle sind bei uns nur f\u00fcr Zweibeiner. Generell gilt, dass alle Sitzm\u00f6bel abgedeckt werden sollen, damit es keine unn\u00f6tigen Verunreinigungen gibt. Sollte doch einmal etwas Unvorhergesehenes passieren, wird dies in Rechnung gestellt.<\/p>\n<p>F\u00fcr Ihren Hund berechnen wir 10,00 \u20ac \/ Tag.<\/p>\n<p>Wir gehen davon aus, dass keiner unserer G\u00e4ste durch Bellen gest\u00f6rt wird, auch nachts.<\/p>\n<p>\u00dcber ein friedliches Miteinander von\u00a0Zwei- und Vierbeinern freut sich<\/p>\n<p>Ihr Team vom Hotel Spessarttor \u2013 Villa Italia<\/p>\n","protected":false},"excerpt":{"rendered":"<p>Liebe G\u00e4ste, Hunde sind bei uns herzlich willkommen, aber \u2026 Jeder Hund sollte stubenrein sein. Hunde lieben ihre eigene Decke und ihre eigene Esssch\u00fcssel, damit das fremde Zimmer nicht ganz so fremd ist. Sollte irgendetwas versehentlich zuhause geblieben sein, bitte an der Rezeption nachfragen ob es einen Ersatz gibt. Der Fr\u00fchst\u00fccksraum ist \u00fcblicherweise nur f\u00fcr &hellip;<\/p>\n","protected":false},"author":3,"featured_media":0,"parent":60,"menu_order":0,"comment_status":"closed","ping_status":"closed","template":"","meta":{"spay_email":""},"yoast_head":"<!-- This site is optimized with the Yoast SEO plugin v17.8 - https:\/\/yoast.com\/wordpress\/plugins\/seo\/ -->\n<title>Hunde-Hausordnung | H\u00e4user der Villa Italia GmbH<\/title>\n<meta name=\"robots\" content=\"index, follow, max-snippet:-1, max-image-preview:large, max-video-preview:-1\" \/>\n<link rel=\"canonical\" href=\"https:\/\/www.hotel-villa-italia.de\/en\/roomsprices\/hunde-hausordnung\/\" \/>\n<meta property=\"og:locale\" content=\"en_US\" \/>\n<meta property=\"og:type\" content=\"article\" \/>\n<meta property=\"og:title\" content=\"Hunde-Hausordnung | H\u00e4user der Villa Italia GmbH\" \/>\n<meta property=\"og:description\" content=\"Liebe G\u00e4ste, Hunde sind bei uns herzlich willkommen, aber \u2026 Jeder Hund sollte stubenrein sein. Hunde lieben ihre eigene Decke und ihre eigene Esssch\u00fcssel, damit das fremde Zimmer nicht ganz so fremd ist. Sollte irgendetwas versehentlich zuhause geblieben sein, bitte an der Rezeption nachfragen ob es einen Ersatz gibt. Der Fr\u00fchst\u00fccksraum ist \u00fcblicherweise nur f\u00fcr &hellip;\" \/>\n<meta property=\"og:url\" content=\"https:\/\/www.hotel-villa-italia.de\/en\/roomsprices\/hunde-hausordnung\/\" \/>\n<meta property=\"og:site_name\" content=\"H\u00e4user der Villa Italia GmbH\" \/>\n<meta property=\"article:modified_time\" content=\"2026-03-06T15:30:00+00:00\" \/>\n<meta property=\"og:image\" content=\"https:\/\/www.hotel-villa-italia.de\/wp-content\/uploads\/2015\/10\/Hund1-300x146.jpg\" \/>\n<meta name=\"twitter:card\" content=\"summary\" \/>\n<meta name=\"twitter:label1\" content=\"Est. reading time\" \/>\n\t<meta name=\"twitter:data1\" content=\"2 minutes\" \/>\n<script type=\"application\/ld+json\" class=\"yoast-schema-graph\">{\"@context\":\"https:\/\/schema.org\",\"@graph\":[{\"@type\":\"Organization\",\"@id\":\"https:\/\/www.hotel-villa-italia.de\/#organization\",\"name\":\"H\\u00e4user der Villa Italia GmbH\",\"url\":\"https:\/\/www.hotel-villa-italia.de\/\",\"sameAs\":[],\"logo\":{\"@type\":\"ImageObject\",\"@id\":\"https:\/\/www.hotel-villa-italia.de\/#logo\",\"inLanguage\":\"en-US\",\"url\":\"https:\/\/www.hotel-villa-italia.de\/wp-content\/uploads\/2021\/05\/haeuser-der-villa-italia.png\",\"contentUrl\":\"https:\/\/www.hotel-villa-italia.de\/wp-content\/uploads\/2021\/05\/haeuser-der-villa-italia.png\",\"width\":180,\"height\":93,\"caption\":\"H\\u00e4user der Villa Italia GmbH\"},\"image\":{\"@id\":\"https:\/\/www.hotel-villa-italia.de\/#logo\"}},{\"@type\":\"WebSite\",\"@id\":\"https:\/\/www.hotel-villa-italia.de\/#website\",\"url\":\"https:\/\/www.hotel-villa-italia.de\/\",\"name\":\"H\\u00e4user der Villa Italia GmbH\",\"description\":\"Hotel in Marktheidenfeld an der A3\",\"publisher\":{\"@id\":\"https:\/\/www.hotel-villa-italia.de\/#organization\"},\"potentialAction\":[{\"@type\":\"SearchAction\",\"target\":{\"@type\":\"EntryPoint\",\"urlTemplate\":\"https:\/\/www.hotel-villa-italia.de\/?s={search_term_string}\"},\"query-input\":\"required name=search_term_string\"}],\"inLanguage\":\"en-US\"},{\"@type\":\"ImageObject\",\"@id\":\"https:\/\/www.hotel-villa-italia.de\/en\/roomsprices\/hunde-hausordnung\/#primaryimage\",\"inLanguage\":\"en-US\",\"url\":\"https:\/\/www.hotel-villa-italia.de\/wp-content\/uploads\/2015\/10\/Hund1.jpg\",\"contentUrl\":\"https:\/\/www.hotel-villa-italia.de\/wp-content\/uploads\/2015\/10\/Hund1.jpg\",\"width\":600,\"height\":292},{\"@type\":\"WebPage\",\"@id\":\"https:\/\/www.hotel-villa-italia.de\/en\/roomsprices\/hunde-hausordnung\/#webpage\",\"url\":\"https:\/\/www.hotel-villa-italia.de\/en\/roomsprices\/hunde-hausordnung\/\",\"name\":\"Hunde-Hausordnung | H\\u00e4user der Villa Italia GmbH\",\"isPartOf\":{\"@id\":\"https:\/\/www.hotel-villa-italia.de\/#website\"},\"primaryImageOfPage\":{\"@id\":\"https:\/\/www.hotel-villa-italia.de\/en\/roomsprices\/hunde-hausordnung\/#primaryimage\"},\"datePublished\":\"2015-10-15T14:12:57+00:00\",\"dateModified\":\"2026-03-06T15:30:00+00:00\",\"breadcrumb\":{\"@id\":\"https:\/\/www.hotel-villa-italia.de\/en\/roomsprices\/hunde-hausordnung\/#breadcrumb\"},\"inLanguage\":\"en-US\",\"potentialAction\":[{\"@type\":\"ReadAction\",\"target\":[\"https:\/\/www.hotel-villa-italia.de\/en\/roomsprices\/hunde-hausordnung\/\"]}]},{\"@type\":\"BreadcrumbList\",\"@id\":\"https:\/\/www.hotel-villa-italia.de\/en\/roomsprices\/hunde-hausordnung\/#breadcrumb\",\"itemListElement\":[{\"@type\":\"ListItem\",\"position\":1,\"name\":\"Home\",\"item\":\"https:\/\/www.hotel-villa-italia.de\/en\/start\/\"},{\"@type\":\"ListItem\",\"position\":2,\"name\":\"Rooms Villa Italia\",\"item\":\"https:\/\/www.hotel-villa-italia.de\/en\/roomsprices\/\"},{\"@type\":\"ListItem\",\"position\":3,\"name\":\"Hunde-Hausordnung\"}]}]}<\/script>\n<!-- \/ Yoast SEO plugin. -->","yoast_head_json":{"title":"Hunde-Hausordnung | H\u00e4user der Villa Italia GmbH","robots":{"index":"index","follow":"follow","max-snippet":"max-snippet:-1","max-image-preview":"max-image-preview:large","max-video-preview":"max-video-preview:-1"},"canonical":"https:\/\/www.hotel-villa-italia.de\/en\/roomsprices\/hunde-hausordnung\/","og_locale":"en_US","og_type":"article","og_title":"Hunde-Hausordnung | H\u00e4user der Villa Italia GmbH","og_description":"Liebe G\u00e4ste, Hunde sind bei uns herzlich willkommen, aber \u2026 Jeder Hund sollte stubenrein sein. Hunde lieben ihre eigene Decke und ihre eigene Esssch\u00fcssel, damit das fremde Zimmer nicht ganz so fremd ist. Sollte irgendetwas versehentlich zuhause geblieben sein, bitte an der Rezeption nachfragen ob es einen Ersatz gibt. Der Fr\u00fchst\u00fccksraum ist \u00fcblicherweise nur f\u00fcr &hellip;","og_url":"https:\/\/www.hotel-villa-italia.de\/en\/roomsprices\/hunde-hausordnung\/","og_site_name":"H\u00e4user der Villa Italia GmbH","article_modified_time":"2026-03-06T15:30:00+00:00","og_image":[{"url":"https:\/\/www.hotel-villa-italia.de\/wp-content\/uploads\/2015\/10\/Hund1-300x146.jpg"}],"twitter_card":"summary","twitter_misc":{"Est. reading time":"2 minutes"},"schema":{"@context":"https:\/\/schema.org","@graph":[{"@type":"Organization","@id":"https:\/\/www.hotel-villa-italia.de\/#organization","name":"H\u00e4user der Villa Italia GmbH","url":"https:\/\/www.hotel-villa-italia.de\/","sameAs":[],"logo":{"@type":"ImageObject","@id":"https:\/\/www.hotel-villa-italia.de\/#logo","inLanguage":"en-US","url":"https:\/\/www.hotel-villa-italia.de\/wp-content\/uploads\/2021\/05\/haeuser-der-villa-italia.png","contentUrl":"https:\/\/www.hotel-villa-italia.de\/wp-content\/uploads\/2021\/05\/haeuser-der-villa-italia.png","width":180,"height":93,"caption":"H\u00e4user der Villa Italia GmbH"},"image":{"@id":"https:\/\/www.hotel-villa-italia.de\/#logo"}},{"@type":"WebSite","@id":"https:\/\/www.hotel-villa-italia.de\/#website","url":"https:\/\/www.hotel-villa-italia.de\/","name":"H\u00e4user der Villa Italia GmbH","description":"Hotel in Marktheidenfeld an der A3","publisher":{"@id":"https:\/\/www.hotel-villa-italia.de\/#organization"},"potentialAction":[{"@type":"SearchAction","target":{"@type":"EntryPoint","urlTemplate":"https:\/\/www.hotel-villa-italia.de\/?s={search_term_string}"},"query-input":"required name=search_term_string"}],"inLanguage":"en-US"},{"@type":"ImageObject","@id":"https:\/\/www.hotel-villa-italia.de\/en\/roomsprices\/hunde-hausordnung\/#primaryimage","inLanguage":"en-US","url":"https:\/\/www.hotel-villa-italia.de\/wp-content\/uploads\/2015\/10\/Hund1.jpg","contentUrl":"https:\/\/www.hotel-villa-italia.de\/wp-content\/uploads\/2015\/10\/Hund1.jpg","width":600,"height":292},{"@type":"WebPage","@id":"https:\/\/www.hotel-villa-italia.de\/en\/roomsprices\/hunde-hausordnung\/#webpage","url":"https:\/\/www.hotel-villa-italia.de\/en\/roomsprices\/hunde-hausordnung\/","name":"Hunde-Hausordnung | H\u00e4user der Villa Italia GmbH","isPartOf":{"@id":"https:\/\/www.hotel-villa-italia.de\/#website"},"primaryImageOfPage":{"@id":"https:\/\/www.hotel-villa-italia.de\/en\/roomsprices\/hunde-hausordnung\/#primaryimage"},"datePublished":"2015-10-15T14:12:57+00:00","dateModified":"2026-03-06T15:30:00+00:00","breadcrumb":{"@id":"https:\/\/www.hotel-villa-italia.de\/en\/roomsprices\/hunde-hausordnung\/#breadcrumb"},"inLanguage":"en-US","potentialAction":[{"@type":"ReadAction","target":["https:\/\/www.hotel-villa-italia.de\/en\/roomsprices\/hunde-hausordnung\/"]}]},{"@type":"BreadcrumbList","@id":"https:\/\/www.hotel-villa-italia.de\/en\/roomsprices\/hunde-hausordnung\/#breadcrumb","itemListElement":[{"@type":"ListItem","position":1,"name":"Home","item":"https:\/\/www.hotel-villa-italia.de\/en\/start\/"},{"@type":"ListItem","position":2,"name":"Rooms Villa Italia","item":"https:\/\/www.hotel-villa-italia.de\/en\/roomsprices\/"},{"@type":"ListItem","position":3,"name":"Hunde-Hausordnung"}]}]}},"_links":{"self":[{"href":"https:\/\/www.hotel-villa-italia.de\/en\/wp-json\/wp\/v2\/pages\/1602"}],"collection":[{"href":"https:\/\/www.hotel-villa-italia.de\/en\/wp-json\/wp\/v2\/pages"}],"about":[{"href":"https:\/\/www.hotel-villa-italia.de\/en\/wp-json\/wp\/v2\/types\/page"}],"author":[{"embeddable":true,"href":"https:\/\/www.hotel-villa-italia.de\/en\/wp-json\/wp\/v2\/users\/3"}],"replies":[{"embeddable":true,"href":"https:\/\/www.hotel-villa-italia.de\/en\/wp-json\/wp\/v2\/comments?post=1602"}],"version-history":[{"count":2,"href":"https:\/\/www.hotel-villa-italia.de\/en\/wp-json\/wp\/v2\/pages\/1602\/revisions"}],"predecessor-version":[{"id":1986,"href":"https:\/\/www.hotel-villa-italia.de\/en\/wp-json\/wp\/v2\/pages\/1602\/revisions\/1986"}],"up":[{"embeddable":true,"href":"https:\/\/www.hotel-villa-italia.de\/en\/wp-json\/wp\/v2\/pages\/60"}],"wp:attachment":[{"href":"https:\/\/www.hotel-villa-italia.de\/en\/wp-json\/wp\/v2\/media?parent=1602"}],"curies":[{"name":"wp","href":"https:\/\/api.w.org\/{rel}","templated":true}]}}