{"id":1744,"date":"2021-04-13T05:58:37","date_gmt":"2021-04-13T05:58:37","guid":{"rendered":"https:\/\/www.hotel-villa-italia.de\/hotelzurwaldbruecke\/"},"modified":"2024-10-18T14:08:40","modified_gmt":"2024-10-18T14:08:40","slug":"hotelzurwaldbruecke","status":"publish","type":"page","link":"https:\/\/www.hotel-villa-italia.de\/en\/hotelzurwaldbruecke\/","title":{"rendered":"Hotel zur Waldbr\u00fccke"},"content":{"rendered":"\n\t\t\t<!-- START Galerie Waldbr\u00fccke REVOLUTION SLIDER 6.1.5 --><p class=\"rs-p-wp-fix\"><\/p>\n\t\t\t<rs-module-wrap id=\"rev_slider_4_1_wrapper\" data-source=\"gallery\" style=\"padding:0;margin:0px auto;margin-top:0;margin-bottom:0;max-width:\">\n\t\t\t\t<rs-module id=\"rev_slider_4_1\" style=\"display:none;\" data-version=\"6.1.5\">\n\t\t\t\t\t<rs-slides>\n\t\t\t\t\t\t<rs-slide data-key=\"rs-105\" data-title=\"Slide\" data-thumb=\"\/\/www.hotel-villa-italia.de\/wp-content\/uploads\/2021\/04\/lounge-100x50.jpg\" data-anim=\"ei:d;eo:d;s:1000;r:0;t:fade;sl:0;\">\n\t\t\t\t\t\t\t<img src=\"\/\/www.hotel-villa-italia.de\/wp-content\/plugins\/revslider\/public\/assets\/assets\/dummy.png\" title=\"Hotel zur Waldbr\u00fccke\" data-lazyload=\"\/\/www.hotel-villa-italia.de\/wp-content\/uploads\/2021\/04\/lounge.jpg\" class=\"rev-slidebg\" data-no-retina>\n<!---->\t\t\t\t\t\t<\/rs-slide>\n\t\t\t\t\t\t<rs-slide data-key=\"rs-110\" data-title=\"Slide\" data-thumb=\"\/\/www.hotel-villa-italia.de\/wp-content\/uploads\/2021\/03\/dreibettzimmer3-100x50.jpg\" data-anim=\"ei:d;eo:d;s:1000;r:0;t:fade;sl:0;\">\n\t\t\t\t\t\t\t<img src=\"\/\/www.hotel-villa-italia.de\/wp-content\/plugins\/revslider\/public\/assets\/assets\/dummy.png\" title=\"Hotel zur Waldbr\u00fccke\" data-lazyload=\"\/\/www.hotel-villa-italia.de\/wp-content\/uploads\/2021\/03\/dreibettzimmer3.jpg\" class=\"rev-slidebg\" data-no-retina>\n<!---->\t\t\t\t\t\t<\/rs-slide>\n\t\t\t\t\t\t<rs-slide data-key=\"rs-103\" data-title=\"Slide\" data-thumb=\"\/\/www.hotel-villa-italia.de\/wp-content\/uploads\/2021\/04\/Terrasse-100x50.jpg\" data-anim=\"ei:d;eo:d;s:1000;r:0;t:fade;sl:0;\">\n\t\t\t\t\t\t\t<img src=\"\/\/www.hotel-villa-italia.de\/wp-content\/plugins\/revslider\/public\/assets\/assets\/dummy.png\" title=\"Hotel zur Waldbr\u00fccke\" data-lazyload=\"\/\/www.hotel-villa-italia.de\/wp-content\/uploads\/2021\/04\/Terrasse.jpg\" class=\"rev-slidebg\" data-no-retina>\n<!---->\t\t\t\t\t\t<\/rs-slide>\n\t\t\t\t\t\t<rs-slide data-key=\"rs-113\" data-title=\"Slide\" data-thumb=\"\/\/www.hotel-villa-italia.de\/wp-content\/uploads\/2021\/03\/dreibettzimmer2-100x50.jpg\" data-anim=\"ei:d;eo:d;s:1000;r:0;t:fade;sl:0;\">\n\t\t\t\t\t\t\t<img src=\"\/\/www.hotel-villa-italia.de\/wp-content\/plugins\/revslider\/public\/assets\/assets\/dummy.png\" title=\"Hotel zur Waldbr\u00fccke\" data-lazyload=\"\/\/www.hotel-villa-italia.de\/wp-content\/uploads\/2021\/03\/dreibettzimmer2.jpg\" class=\"rev-slidebg\" data-no-retina>\n<!---->\t\t\t\t\t\t<\/rs-slide>\n\t\t\t\t\t\t<rs-slide data-key=\"rs-104\" data-title=\"Slide\" data-thumb=\"\/\/www.hotel-villa-italia.de\/wp-content\/uploads\/2021\/04\/restaurant3-100x50.jpg\" data-anim=\"ei:d;eo:d;s:1000;r:0;t:fade;sl:0;\">\n\t\t\t\t\t\t\t<img src=\"\/\/www.hotel-villa-italia.de\/wp-content\/plugins\/revslider\/public\/assets\/assets\/dummy.png\" title=\"Hotel zur Waldbr\u00fccke\" data-lazyload=\"\/\/www.hotel-villa-italia.de\/wp-content\/uploads\/2021\/04\/restaurant3.jpg\" class=\"rev-slidebg\" data-no-retina>\n<!---->\t\t\t\t\t\t<\/rs-slide>\n\t\t\t\t\t\t<rs-slide data-key=\"rs-107\" data-title=\"Slide\" data-thumb=\"\/\/www.hotel-villa-italia.de\/wp-content\/uploads\/2021\/04\/restaurant1-100x50.jpg\" data-anim=\"ei:d;eo:d;s:1000;r:0;t:fade;sl:0;\">\n\t\t\t\t\t\t\t<img src=\"\/\/www.hotel-villa-italia.de\/wp-content\/plugins\/revslider\/public\/assets\/assets\/dummy.png\" title=\"Hotel zur Waldbr\u00fccke\" data-lazyload=\"\/\/www.hotel-villa-italia.de\/wp-content\/uploads\/2021\/04\/restaurant1.jpg\" class=\"rev-slidebg\" data-no-retina>\n<!---->\t\t\t\t\t\t<\/rs-slide>\n\t\t\t\t\t\t<rs-slide data-key=\"rs-111\" data-title=\"Slide\" data-thumb=\"\/\/www.hotel-villa-italia.de\/wp-content\/uploads\/2021\/04\/hotel-100x50.jpg\" data-anim=\"ei:d;eo:d;s:1000;r:0;t:fade;sl:0;\">\n\t\t\t\t\t\t\t<img src=\"\/\/www.hotel-villa-italia.de\/wp-content\/plugins\/revslider\/public\/assets\/assets\/dummy.png\" title=\"Hotel zur Waldbr\u00fccke\" data-lazyload=\"\/\/www.hotel-villa-italia.de\/wp-content\/uploads\/2021\/04\/hotel.jpg\" class=\"rev-slidebg\" data-no-retina>\n<!---->\t\t\t\t\t\t<\/rs-slide>\n\t\t\t\t\t<\/rs-slides>\n\t\t\t\t\t<rs-progress class=\"rs-bottom\" style=\"visibility: hidden !important;\"><\/rs-progress>\n\t\t\t\t<\/rs-module>\n\t\t\t\t<script type=\"text\/javascript\">\n\t\t\t\t\tsetREVStartSize({c: 'rev_slider_4_1',rl:[1240,1024,778,480],el:[500,768,960,720],gw:[800,1024,778,480],gh:[500,768,960,720],layout:'fullwidth',mh:\"0\"});\n\t\t\t\t\tvar\trevapi4,\n\t\t\t\t\t\ttpj;\n\t\t\t\t\tjQuery(function() {\n\t\t\t\t\t\ttpj = jQuery;\n\t\t\t\t\t\ttpj.noConflict();\n\t\t\t\t\t\tif(tpj(\"#rev_slider_4_1\").revolution == undefined){\n\t\t\t\t\t\t\trevslider_showDoubleJqueryError(\"#rev_slider_4_1\");\n\t\t\t\t\t\t}else{\n\t\t\t\t\t\t\trevapi4 = tpj(\"#rev_slider_4_1\").show().revolution({\n\t\t\t\t\t\t\t\tjsFileLocation:\"\/\/www.hotel-villa-italia.de\/wp-content\/plugins\/revslider\/public\/assets\/js\/\",\n\t\t\t\t\t\t\t\tvisibilityLevels:\"1240,1024,778,480\",\n\t\t\t\t\t\t\t\tgridwidth:\"800,1024,778,480\",\n\t\t\t\t\t\t\t\tgridheight:\"500,768,960,720\",\n\t\t\t\t\t\t\t\tminHeight:\"\",\n\t\t\t\t\t\t\t\tlazyType:\"smart\",\n\t\t\t\t\t\t\t\tspinner:\"spinner4\",\n\t\t\t\t\t\t\t\teditorheight:\"500,768,960,720\",\n\t\t\t\t\t\t\t\tresponsiveLevels:\"1240,1024,778,480\",\n\t\t\t\t\t\t\t\tdisableProgressBar:\"on\",\n\t\t\t\t\t\t\t\tnavigation: {\n\t\t\t\t\t\t\t\t\tmouseScrollNavigation:false,\n\t\t\t\t\t\t\t\t\tonHoverStop:false,\n\t\t\t\t\t\t\t\t\ttouch: {\n\t\t\t\t\t\t\t\t\t\ttouchenabled:true\n\t\t\t\t\t\t\t\t\t},\n\t\t\t\t\t\t\t\t\tarrows: {\n\t\t\t\t\t\t\t\t\t\tenable:true,\n\t\t\t\t\t\t\t\t\t\tstyle:\"uranus\",\n\t\t\t\t\t\t\t\t\t\thide_onleave:true,\n\t\t\t\t\t\t\t\t\t\tleft: {\n\t\t\t\t\t\t\t\t\t\t\th_offset:25\n\t\t\t\t\t\t\t\t\t\t},\n\t\t\t\t\t\t\t\t\t\tright: {\n\t\t\t\t\t\t\t\t\t\t\th_offset:25\n\t\t\t\t\t\t\t\t\t\t}\n\t\t\t\t\t\t\t\t\t}\n\t\t\t\t\t\t\t\t},\n\t\t\t\t\t\t\t\tfallbacks: {\n\t\t\t\t\t\t\t\t\tallowHTML5AutoPlayOnAndroid:true\n\t\t\t\t\t\t\t\t},\n\t\t\t\t\t\t\t});\n\t\t\t\t\t\t}\n\t\t\t\t\t\t\n\t\t\t\t\t});\n\t\t\t\t<\/script>\n\t\t\t\t<script>\n\t\t\t\t\tvar htmlDivCss = '\t#rev_slider_4_1_wrapper rs-loader.spinner4 div { background-color: #882f32 !important; } ';\n\t\t\t\t\tvar htmlDiv = document.getElementById('rs-plugin-settings-inline-css');\n\t\t\t\t\tif(htmlDiv) {\n\t\t\t\t\t\thtmlDiv.innerHTML = htmlDiv.innerHTML + htmlDivCss;\n\t\t\t\t\t}else{\n\t\t\t\t\t\tvar htmlDiv = document.createElement('div');\n\t\t\t\t\t\thtmlDiv.innerHTML = '<style>' + htmlDivCss + '<\/style>';\n\t\t\t\t\t\tdocument.getElementsByTagName('head')[0].appendChild(htmlDiv.childNodes[0]);\n\t\t\t\t\t}\n\t\t\t\t<\/script>\n\t\t\t\t<script>\n\t\t\t\t\tvar htmlDivCss = unescape(\"%23rev_slider_4_1_wrapper%20.uranus.tparrows%20%7B%0A%20%20width%3A50px%3B%0A%20%20height%3A50px%3B%0A%20%20background%3Argba%28255%2C255%2C255%2C0%29%3B%0A%20%7D%0A%20%23rev_slider_4_1_wrapper%20.uranus.tparrows%3Abefore%20%7B%0A%20width%3A50px%3B%0A%20height%3A50px%3B%0A%20line-height%3A50px%3B%0A%20font-size%3A40px%3B%0A%20transition%3Aall%200.3s%3B%0A-webkit-transition%3Aall%200.3s%3B%0A%20%7D%0A%20%0A%20%20%23rev_slider_4_1_wrapper%20.uranus.tparrows%3Ahover%3Abefore%20%7B%0A%20%20%20%20opacity%3A0.75%3B%0A%20%20%7D%0A\");\n\t\t\t\t\tvar htmlDiv = document.getElementById('rs-plugin-settings-inline-css');\n\t\t\t\t\tif(htmlDiv) {\n\t\t\t\t\t\thtmlDiv.innerHTML = htmlDiv.innerHTML + htmlDivCss;\n\t\t\t\t\t}else{\n\t\t\t\t\t\tvar htmlDiv = document.createElement('div');\n\t\t\t\t\t\thtmlDiv.innerHTML = '<style>' + htmlDivCss + '<\/style>';\n\t\t\t\t\t\tdocument.getElementsByTagName('head')[0].appendChild(htmlDiv.childNodes[0]);\n\t\t\t\t\t}\n\t\t\t\t<\/script>\n\t\t\t\t<script>\n\t\t\t\t\tvar htmlDivCss = unescape(\"%0A%0A%0A%0A%0A%0A%0A\");\n\t\t\t\t\tvar htmlDiv = document.getElementById('rs-plugin-settings-inline-css');\n\t\t\t\t\tif(htmlDiv) {\n\t\t\t\t\t\thtmlDiv.innerHTML = htmlDiv.innerHTML + htmlDivCss;\n\t\t\t\t\t}else{\n\t\t\t\t\t\tvar htmlDiv = document.createElement('div');\n\t\t\t\t\t\thtmlDiv.innerHTML = '<style>' + htmlDivCss + '<\/style>';\n\t\t\t\t\t\tdocument.getElementsByTagName('head')[0].appendChild(htmlDiv.childNodes[0]);\n\t\t\t\t\t}\n\t\t\t\t<\/script>\n\t\t\t<\/rs-module-wrap>\n\t\t\t<!-- END REVOLUTION SLIDER -->\n\n<p>&nbsp;<\/p>\n<p><em><strong>The cosy Hotel zur Waldbr\u00fccke (just 500m from the main building) is part of Villa Italia GmbH and welcomes its guests in a friendly, rustic atmosphere.<\/strong><\/em> <em><strong>In addition to the rustically furnished rooms, you will find a guest kitchen (currently closed), a sun terrace and a cosy vaulted cellar (currently closed).<\/strong><\/em><\/p>\n<p><em><strong>Each room has a flat-screen TV and a private bathroom with shower and toilet.<\/strong><\/em><\/p>\n<p><em><strong>Car parking and WLAN are available free of charge.<\/strong><\/em><\/p>\n<h2>Arrival<\/h2>\n<p>You can arrive at our houses between 15:00 and 18:00 as normal. If you wish to arrive earlier or later, this can be arranged in advance. Depending on your desired arrival time, we will either stay on site in person or provide you with your room keys via our electronic key box for your individual check-in.<\/p>\n<h3>Travelling by car<\/h3>\n<p>If you are travelling by car, you can reach us via the<em><strong> A3<\/strong><\/em> motorway &#8211; which is also listed as European route <em><strong>E41<\/strong><\/em>. Take exit 65 <em>\u2018Marktheidenfeld\u2019 <\/em>and continue in the direction of Marktheidenfeld. After approx. 1 km, turn right at the crossroads in front of the <em>AGIP petrol station<\/em> and after a few metres, turn left into <em>Altfeld<\/em>. Follow the road until you see the <em>Hotel zur Waldbr\u00fccke <\/em>or <em>Restaurant zur Waldbr\u00fccke<\/em> on the left-hand side of the road. Have a good journey!<\/p>\n<h3>Flight and train<\/h3>\n<p>On arrival at <em>Frankfurt Airport<\/em>, we will be happy to help you organise your pick-up. The prices for transport with a taxi company vary and can therefore be arranged individually. For \u20ac10.00 we offer transport from or to the nearby <em>bus station in Marktheidenfeld<\/em> and <em>Wertheim railway station <\/em>(train).<\/p>\n<p><em>All arrangements must be clarified in advance in order to be able to guarantee that they can be realised for you.<\/em><\/p>\n<p><em>You can reach us by telephone between 8:00 &#8211; 12:00 and 15:00 &#8211; 18:00 on <strong>+49 9391 503 440\u00a0<\/strong><\/em><em>as well as under the email <strong>contact@hotel-villa-italia.de<\/strong>.<\/em><\/p>\n<div class=\"BorlabsCookie _brlbs-cb-googlemaps\"><div class=\"_brlbs-content-blocker\"> <div class=\"_brlbs-embed _brlbs-google-maps\"> <img class=\"_brlbs-thumbnail\" src=\"https:\/\/www.hotel-villa-italia.de\/wp-content\/plugins\/borlabs-cookie\/assets\/images\/cb-maps.png\" alt=\"Google Maps\"> <div class=\"_brlbs-caption\"> <p>Mit dem Laden der Karte akzeptieren Sie die Datenschutzerkl\u00e4rung von Google.<br><a href=\"https:\/\/policies.google.com\/privacy\" target=\"_blank\" rel=\"nofollow noopener noreferrer\">Mehr erfahren<\/a><\/p> <p><a class=\"_brlbs-btn\" href=\"#\" data-borlabs-cookie-unblock role=\"button\">Karte laden<\/a><\/p> <p><label><input type=\"checkbox\" name=\"unblockAll\" value=\"1\" checked> <small>Google Maps immer entsperren<\/small><\/label><\/p> <\/div> <\/div> <\/div><div class=\"borlabs-hide\" data-borlabs-cookie-type=\"content-blocker\" data-borlabs-cookie-id=\"googlemaps\"><script type=\"text\/template\">PHA+PGlmcmFtZSBsb2FkaW5nPSJsYXp5IiBzdHlsZT0iYm9yZGVyOiAwOyIgc3JjPSJodHRwczovL3d3dy5nb29nbGUuY29tL21hcHMvZW1iZWQ\/cGI9ITFtMTghMW0xMiExbTMhMWQyNTczLjg0MzQ1MjE2MzIxNDQhMmQ5LjU1NzUzMDk1MTM5NDUzMyEzZDQ5LjgyNjYwNzQzOTg5NzMxNiEybTMhMWYwITJmMCEzZjAhM20yITFpMTAyNCEyaTc2OCE0ZjEzLjEhM20zITFtMiExczB4NDdhMmJhZjRjZGJiZTRlMyUzQTB4MmJmMzQ0OTFhNWQ3MDRlMSEyc0hvdGVsLVJlc3RhdXJhbnQrenVyK1dhbGRiciVDMyVCQ2NrZSE1ZTAhM20yITFzZGUhMnNkZSE0djE1MDMwNzUwNTA3NDMiIHdpZHRoPSIxMDAlIiBoZWlnaHQ9IjUwMCIgZnJhbWVib3JkZXI9IjAiIGFsbG93ZnVsbHNjcmVlbj0iYWxsb3dmdWxsc2NyZWVuIj48L2lmcmFtZT48L3A+<\/script><\/div><\/div>\n","protected":false},"excerpt":{"rendered":"<p>&nbsp; The cosy Hotel zur Waldbr\u00fccke (just 500m from the main building) is part of Villa Italia GmbH and welcomes its guests in a friendly, rustic atmosphere. In addition to the rustically furnished rooms, you will find a guest kitchen (currently closed), a sun terrace and a cosy vaulted cellar (currently closed). Each room has &hellip;<\/p>\n","protected":false},"author":2,"featured_media":1033,"parent":0,"menu_order":0,"comment_status":"closed","ping_status":"closed","template":"","meta":{"spay_email":""},"yoast_head":"<!-- This site is optimized with the Yoast SEO plugin v17.8 - https:\/\/yoast.com\/wordpress\/plugins\/seo\/ -->\n<title>Hotel zur Waldbr\u00fccke | H\u00e4user der Villa Italia GmbH<\/title>\n<meta name=\"robots\" content=\"index, follow, max-snippet:-1, max-image-preview:large, max-video-preview:-1\" \/>\n<link rel=\"canonical\" href=\"https:\/\/www.hotel-villa-italia.de\/en\/hotelzurwaldbruecke\/\" \/>\n<meta property=\"og:locale\" content=\"en_US\" \/>\n<meta property=\"og:type\" content=\"article\" \/>\n<meta property=\"og:title\" content=\"Hotel zur Waldbr\u00fccke | H\u00e4user der Villa Italia GmbH\" \/>\n<meta property=\"og:description\" content=\"&nbsp; The cosy Hotel zur Waldbr\u00fccke (just 500m from the main building) is part of Villa Italia GmbH and welcomes its guests in a friendly, rustic atmosphere. In addition to the rustically furnished rooms, you will find a guest kitchen (currently closed), a sun terrace and a cosy vaulted cellar (currently closed). Each room has &hellip;\" \/>\n<meta property=\"og:url\" content=\"https:\/\/www.hotel-villa-italia.de\/en\/hotelzurwaldbruecke\/\" \/>\n<meta property=\"og:site_name\" content=\"H\u00e4user der Villa Italia GmbH\" \/>\n<meta property=\"article:modified_time\" content=\"2024-10-18T14:08:40+00:00\" \/>\n<meta property=\"og:image\" content=\"https:\/\/www.hotel-villa-italia.de\/wp-content\/uploads\/2020\/07\/107107310_116257016814853_8899312598128395098_o.jpg\" \/>\n\t<meta property=\"og:image:width\" content=\"2048\" \/>\n\t<meta property=\"og:image:height\" content=\"1152\" \/>\n<meta name=\"twitter:card\" content=\"summary\" \/>\n<meta name=\"twitter:label1\" content=\"Est. reading time\" \/>\n\t<meta name=\"twitter:data1\" content=\"2 minutes\" \/>\n<script type=\"application\/ld+json\" class=\"yoast-schema-graph\">{\"@context\":\"https:\/\/schema.org\",\"@graph\":[{\"@type\":\"Organization\",\"@id\":\"https:\/\/www.hotel-villa-italia.de\/#organization\",\"name\":\"H\\u00e4user der Villa Italia GmbH\",\"url\":\"https:\/\/www.hotel-villa-italia.de\/\",\"sameAs\":[],\"logo\":{\"@type\":\"ImageObject\",\"@id\":\"https:\/\/www.hotel-villa-italia.de\/#logo\",\"inLanguage\":\"en-US\",\"url\":\"https:\/\/www.hotel-villa-italia.de\/wp-content\/uploads\/2021\/05\/haeuser-der-villa-italia.png\",\"contentUrl\":\"https:\/\/www.hotel-villa-italia.de\/wp-content\/uploads\/2021\/05\/haeuser-der-villa-italia.png\",\"width\":180,\"height\":93,\"caption\":\"H\\u00e4user der Villa Italia GmbH\"},\"image\":{\"@id\":\"https:\/\/www.hotel-villa-italia.de\/#logo\"}},{\"@type\":\"WebSite\",\"@id\":\"https:\/\/www.hotel-villa-italia.de\/#website\",\"url\":\"https:\/\/www.hotel-villa-italia.de\/\",\"name\":\"H\\u00e4user der Villa Italia GmbH\",\"description\":\"Hotel in Marktheidenfeld an der A3\",\"publisher\":{\"@id\":\"https:\/\/www.hotel-villa-italia.de\/#organization\"},\"potentialAction\":[{\"@type\":\"SearchAction\",\"target\":{\"@type\":\"EntryPoint\",\"urlTemplate\":\"https:\/\/www.hotel-villa-italia.de\/?s={search_term_string}\"},\"query-input\":\"required name=search_term_string\"}],\"inLanguage\":\"en-US\"},{\"@type\":\"ImageObject\",\"@id\":\"https:\/\/www.hotel-villa-italia.de\/en\/hotelzurwaldbruecke\/#primaryimage\",\"inLanguage\":\"en-US\",\"url\":\"https:\/\/www.hotel-villa-italia.de\/wp-content\/uploads\/2020\/07\/107107310_116257016814853_8899312598128395098_o.jpg\",\"contentUrl\":\"https:\/\/www.hotel-villa-italia.de\/wp-content\/uploads\/2020\/07\/107107310_116257016814853_8899312598128395098_o.jpg\",\"width\":2048,\"height\":1152},{\"@type\":\"WebPage\",\"@id\":\"https:\/\/www.hotel-villa-italia.de\/en\/hotelzurwaldbruecke\/#webpage\",\"url\":\"https:\/\/www.hotel-villa-italia.de\/en\/hotelzurwaldbruecke\/\",\"name\":\"Hotel zur Waldbr\\u00fccke | H\\u00e4user der Villa Italia GmbH\",\"isPartOf\":{\"@id\":\"https:\/\/www.hotel-villa-italia.de\/#website\"},\"primaryImageOfPage\":{\"@id\":\"https:\/\/www.hotel-villa-italia.de\/en\/hotelzurwaldbruecke\/#primaryimage\"},\"datePublished\":\"2021-04-13T05:58:37+00:00\",\"dateModified\":\"2024-10-18T14:08:40+00:00\",\"breadcrumb\":{\"@id\":\"https:\/\/www.hotel-villa-italia.de\/en\/hotelzurwaldbruecke\/#breadcrumb\"},\"inLanguage\":\"en-US\",\"potentialAction\":[{\"@type\":\"ReadAction\",\"target\":[\"https:\/\/www.hotel-villa-italia.de\/en\/hotelzurwaldbruecke\/\"]}]},{\"@type\":\"BreadcrumbList\",\"@id\":\"https:\/\/www.hotel-villa-italia.de\/en\/hotelzurwaldbruecke\/#breadcrumb\",\"itemListElement\":[{\"@type\":\"ListItem\",\"position\":1,\"name\":\"Home\",\"item\":\"https:\/\/www.hotel-villa-italia.de\/en\/start\/\"},{\"@type\":\"ListItem\",\"position\":2,\"name\":\"Hotel zur Waldbr\\u00fccke\"}]}]}<\/script>\n<!-- \/ Yoast SEO plugin. -->","yoast_head_json":{"title":"Hotel zur Waldbr\u00fccke | H\u00e4user der Villa Italia GmbH","robots":{"index":"index","follow":"follow","max-snippet":"max-snippet:-1","max-image-preview":"max-image-preview:large","max-video-preview":"max-video-preview:-1"},"canonical":"https:\/\/www.hotel-villa-italia.de\/en\/hotelzurwaldbruecke\/","og_locale":"en_US","og_type":"article","og_title":"Hotel zur Waldbr\u00fccke | H\u00e4user der Villa Italia GmbH","og_description":"&nbsp; The cosy Hotel zur Waldbr\u00fccke (just 500m from the main building) is part of Villa Italia GmbH and welcomes its guests in a friendly, rustic atmosphere. In addition to the rustically furnished rooms, you will find a guest kitchen (currently closed), a sun terrace and a cosy vaulted cellar (currently closed). Each room has &hellip;","og_url":"https:\/\/www.hotel-villa-italia.de\/en\/hotelzurwaldbruecke\/","og_site_name":"H\u00e4user der Villa Italia GmbH","article_modified_time":"2024-10-18T14:08:40+00:00","og_image":[{"width":2048,"height":1152,"url":"https:\/\/www.hotel-villa-italia.de\/wp-content\/uploads\/2020\/07\/107107310_116257016814853_8899312598128395098_o.jpg","type":"image\/jpeg"}],"twitter_card":"summary","twitter_misc":{"Est. reading time":"2 minutes"},"schema":{"@context":"https:\/\/schema.org","@graph":[{"@type":"Organization","@id":"https:\/\/www.hotel-villa-italia.de\/#organization","name":"H\u00e4user der Villa Italia GmbH","url":"https:\/\/www.hotel-villa-italia.de\/","sameAs":[],"logo":{"@type":"ImageObject","@id":"https:\/\/www.hotel-villa-italia.de\/#logo","inLanguage":"en-US","url":"https:\/\/www.hotel-villa-italia.de\/wp-content\/uploads\/2021\/05\/haeuser-der-villa-italia.png","contentUrl":"https:\/\/www.hotel-villa-italia.de\/wp-content\/uploads\/2021\/05\/haeuser-der-villa-italia.png","width":180,"height":93,"caption":"H\u00e4user der Villa Italia GmbH"},"image":{"@id":"https:\/\/www.hotel-villa-italia.de\/#logo"}},{"@type":"WebSite","@id":"https:\/\/www.hotel-villa-italia.de\/#website","url":"https:\/\/www.hotel-villa-italia.de\/","name":"H\u00e4user der Villa Italia GmbH","description":"Hotel in Marktheidenfeld an der A3","publisher":{"@id":"https:\/\/www.hotel-villa-italia.de\/#organization"},"potentialAction":[{"@type":"SearchAction","target":{"@type":"EntryPoint","urlTemplate":"https:\/\/www.hotel-villa-italia.de\/?s={search_term_string}"},"query-input":"required name=search_term_string"}],"inLanguage":"en-US"},{"@type":"ImageObject","@id":"https:\/\/www.hotel-villa-italia.de\/en\/hotelzurwaldbruecke\/#primaryimage","inLanguage":"en-US","url":"https:\/\/www.hotel-villa-italia.de\/wp-content\/uploads\/2020\/07\/107107310_116257016814853_8899312598128395098_o.jpg","contentUrl":"https:\/\/www.hotel-villa-italia.de\/wp-content\/uploads\/2020\/07\/107107310_116257016814853_8899312598128395098_o.jpg","width":2048,"height":1152},{"@type":"WebPage","@id":"https:\/\/www.hotel-villa-italia.de\/en\/hotelzurwaldbruecke\/#webpage","url":"https:\/\/www.hotel-villa-italia.de\/en\/hotelzurwaldbruecke\/","name":"Hotel zur Waldbr\u00fccke | H\u00e4user der Villa Italia GmbH","isPartOf":{"@id":"https:\/\/www.hotel-villa-italia.de\/#website"},"primaryImageOfPage":{"@id":"https:\/\/www.hotel-villa-italia.de\/en\/hotelzurwaldbruecke\/#primaryimage"},"datePublished":"2021-04-13T05:58:37+00:00","dateModified":"2024-10-18T14:08:40+00:00","breadcrumb":{"@id":"https:\/\/www.hotel-villa-italia.de\/en\/hotelzurwaldbruecke\/#breadcrumb"},"inLanguage":"en-US","potentialAction":[{"@type":"ReadAction","target":["https:\/\/www.hotel-villa-italia.de\/en\/hotelzurwaldbruecke\/"]}]},{"@type":"BreadcrumbList","@id":"https:\/\/www.hotel-villa-italia.de\/en\/hotelzurwaldbruecke\/#breadcrumb","itemListElement":[{"@type":"ListItem","position":1,"name":"Home","item":"https:\/\/www.hotel-villa-italia.de\/en\/start\/"},{"@type":"ListItem","position":2,"name":"Hotel zur Waldbr\u00fccke"}]}]}},"_links":{"self":[{"href":"https:\/\/www.hotel-villa-italia.de\/en\/wp-json\/wp\/v2\/pages\/1744"}],"collection":[{"href":"https:\/\/www.hotel-villa-italia.de\/en\/wp-json\/wp\/v2\/pages"}],"about":[{"href":"https:\/\/www.hotel-villa-italia.de\/en\/wp-json\/wp\/v2\/types\/page"}],"author":[{"embeddable":true,"href":"https:\/\/www.hotel-villa-italia.de\/en\/wp-json\/wp\/v2\/users\/2"}],"replies":[{"embeddable":true,"href":"https:\/\/www.hotel-villa-italia.de\/en\/wp-json\/wp\/v2\/comments?post=1744"}],"version-history":[{"count":3,"href":"https:\/\/www.hotel-villa-italia.de\/en\/wp-json\/wp\/v2\/pages\/1744\/revisions"}],"predecessor-version":[{"id":1916,"href":"https:\/\/www.hotel-villa-italia.de\/en\/wp-json\/wp\/v2\/pages\/1744\/revisions\/1916"}],"wp:featuredmedia":[{"embeddable":true,"href":"https:\/\/www.hotel-villa-italia.de\/en\/wp-json\/wp\/v2\/media\/1033"}],"wp:attachment":[{"href":"https:\/\/www.hotel-villa-italia.de\/en\/wp-json\/wp\/v2\/media?parent=1744"}],"curies":[{"name":"wp","href":"https:\/\/api.w.org\/{rel}","templated":true}]}}